{"id":2663,"date":"2021-01-28T18:22:00","date_gmt":"2021-01-28T18:22:00","guid":{"rendered":"https:\/\/allspicesfood.com\/ou-nous-trouver\/"},"modified":"2021-01-28T18:31:19","modified_gmt":"2021-01-28T18:31:19","slug":"ou-nous-trouver","status":"publish","type":"page","link":"https:\/\/allspicesfood.com\/fr\/ou-nous-trouver\/","title":{"rendered":"O\u00f9 nous trouver?"},"content":{"rendered":"\t\t<div data-elementor-type=\"wp-page\" data-elementor-id=\"2663\" class=\"elementor elementor-2663 elementor-2280\" data-elementor-settings=\"[]\">\n\t\t\t\t\t\t<div class=\"elementor-inner\">\n\t\t\t\t\t\t\t<div class=\"elementor-section-wrap\">\n\t\t\t\t\t\t\t<section class=\"elementor-section elementor-top-section elementor-element elementor-element-1b81457 elementor-section-boxed elementor-section-height-default elementor-section-height-default\" data-id=\"1b81457\" data-element_type=\"section\">\n\t\t\t\t\t\t<div class=\"elementor-container elementor-column-gap-default\">\n\t\t\t\t\t\t\t<div class=\"elementor-row\">\n\t\t\t\t\t<div class=\"elementor-column elementor-col-100 elementor-top-column elementor-element elementor-element-563e3df\" data-id=\"563e3df\" data-element_type=\"column\">\n\t\t\t<div class=\"elementor-column-wrap elementor-element-populated\">\n\t\t\t\t\t\t\t<div class=\"elementor-widget-wrap\">\n\t\t\t\t\t\t<div class=\"elementor-element elementor-element-d6fb253 elementor-widget elementor-widget-wp-widget-text\" data-id=\"d6fb253\" data-element_type=\"widget\" data-widget_type=\"wp-widget-text.default\">\n\t\t\t\t<div class=\"elementor-widget-container\">\n\t\t\t\t\t\t<div class=\"textwidget\"><p><strong>Retrouver nos produits dans les points de vente ci-apr\u00e8s:<\/strong><\/p>\n<p>&nbsp;<\/p>\n<p>Note: Veuillez vous r\u00e9f\u00e9rer aux codes de produits list\u00e9s ci-dessous et qui se retrouvent \u00e9galement au niveau du nom de chaque\u00a0 magasin. Ils indiquent les produits disponibles dans chacun de ces magasins.<\/p>\n<p>Ablo: ABL<\/p>\n<p>Sauce habanero: SAH<\/p>\n<p>D\u00eagu\u00ea: DEG<\/p>\n<p>Huile habanero: HUH<\/p>\n<\/div>\n\t\t\t\t<\/div>\n\t\t\t\t<\/div>\n\t\t\t\t\t\t<\/div>\n\t\t\t\t\t<\/div>\n\t\t<\/div>\n\t\t\t\t\t\t\t\t<\/div>\n\t\t\t\t\t<\/div>\n\t\t<\/section>\n\t\t\t\t<section class=\"elementor-section elementor-top-section elementor-element elementor-element-24be5eb elementor-section-boxed elementor-section-height-default elementor-section-height-default\" data-id=\"24be5eb\" data-element_type=\"section\">\n\t\t\t\t\t\t<div class=\"elementor-container elementor-column-gap-default\">\n\t\t\t\t\t\t\t<div class=\"elementor-row\">\n\t\t\t\t\t<div class=\"elementor-column elementor-col-100 elementor-top-column elementor-element elementor-element-b3f11e6\" data-id=\"b3f11e6\" data-element_type=\"column\">\n\t\t\t<div class=\"elementor-column-wrap elementor-element-populated\">\n\t\t\t\t\t\t\t<div class=\"elementor-widget-wrap\">\n\t\t\t\t\t\t<div class=\"elementor-element elementor-element-d1f85e8 elementor-widget elementor-widget-accordion\" data-id=\"d1f85e8\" data-element_type=\"widget\" data-widget_type=\"accordion.default\">\n\t\t\t\t<div class=\"elementor-widget-container\">\n\t\t\t\t\t<div class=\"elementor-accordion\" role=\"tablist\">\n\t\t\t\t\t\t\t<div class=\"elementor-accordion-item\">\n\t\t\t\t\t<div id=\"elementor-tab-title-2201\" class=\"elementor-tab-title\" data-tab=\"1\" role=\"tab\" aria-controls=\"elementor-tab-content-2201\" aria-expanded=\"false\">\n\t\t\t\t\t\t\t\t\t\t\t\t\t<span class=\"elementor-accordion-icon elementor-accordion-icon-left\" aria-hidden=\"true\">\n\t\t\t\t\t\t\t\t\t\t\t\t\t\t\t<span class=\"elementor-accordion-icon-closed\"><i class=\"fas fa-plus\"><\/i><\/span>\n\t\t\t\t\t\t\t\t<span class=\"elementor-accordion-icon-opened\"><i class=\"fas fa-minus\"><\/i><\/span>\n\t\t\t\t\t\t\t\t\t\t\t\t\t\t<\/span>\n\t\t\t\t\t\t\t\t\t\t\t\t<a class=\"elementor-accordion-title\" href=\"\">OTTAWA<\/a>\n\t\t\t\t\t<\/div>\n\t\t\t\t\t<div id=\"elementor-tab-content-2201\" class=\"elementor-tab-content elementor-clearfix\" data-tab=\"1\" role=\"tabpanel\" aria-labelledby=\"elementor-tab-title-2201\"><p><strong>AFRICA WORLD MARKET <\/strong>ABL, SAH, DEG, HUH<\/p>\n<p>1392 Cyrville Rd, Ottawa , ON K1B 3L9<\/p>\n<\/p>\n<p><strong>ALL AFRICAN MARKET <\/strong>ABL, SAH, HUH<\/p>\n<p>411 McArthur Ave, Ottawa, ON K1K 1G5<\/p>\n<\/p>\n<p><strong>African queen <\/strong>SAH<\/p>\n<p><strong>2430 Bank St, Ottawa, ON K1V 0T7<\/strong><\/p>\n<\/p>\n<p><strong>GEELAND <\/strong>SAH<\/p>\n<p><strong>-1620 Walkley Rd, Ottawa, ON K1V 6P5<\/strong><\/p>\n<p><strong>-1020 St. Laurent Blvd, Ottawa, ON K1K 4S2<\/strong><\/p>\n<p><strong> <\/strong><\/p>\n<\/div>\n\t\t\t\t<\/div>\n\t\t\t\t\t\t\t<div class=\"elementor-accordion-item\">\n\t\t\t\t\t<div id=\"elementor-tab-title-2202\" class=\"elementor-tab-title\" data-tab=\"2\" role=\"tab\" aria-controls=\"elementor-tab-content-2202\" aria-expanded=\"false\">\n\t\t\t\t\t\t\t\t\t\t\t\t\t<span class=\"elementor-accordion-icon elementor-accordion-icon-left\" aria-hidden=\"true\">\n\t\t\t\t\t\t\t\t\t\t\t\t\t\t\t<span class=\"elementor-accordion-icon-closed\"><i class=\"fas fa-plus\"><\/i><\/span>\n\t\t\t\t\t\t\t\t<span class=\"elementor-accordion-icon-opened\"><i class=\"fas fa-minus\"><\/i><\/span>\n\t\t\t\t\t\t\t\t\t\t\t\t\t\t<\/span>\n\t\t\t\t\t\t\t\t\t\t\t\t<a class=\"elementor-accordion-title\" href=\"\">GATINEAU<\/a>\n\t\t\t\t\t<\/div>\n\t\t\t\t\t<div id=\"elementor-tab-content-2202\" class=\"elementor-tab-content elementor-clearfix\" data-tab=\"2\" role=\"tabpanel\" aria-labelledby=\"elementor-tab-title-2202\"><p><strong>LE COIN DU DOLLAR ET PLUS <\/strong>ABL, SAH<\/p>\n<p>34 Blvd Du Mont Bleu, Gatineau, QC J8Z 1J1<\/p>\n<\/p>\n<p><strong>MARCH\u00c9 TROPICAL SOKO <\/strong>SAH, ABL<\/p>\n<p>-184 Boulevard Saint-Joseph, Gatineau, QC J8Y 3W9<\/p>\n<p>-479 Boulevard Alexandre-Tach\u00e9 ,Gatineau, QC<\/p>\n<\/p>\n<p><strong>AFRICAN SOUL FOOD <\/strong>ABL, SAH, DEG, HUH<\/p>\n<p>425 Chemin Vanier, Gatineau , QC J9J 3H9<\/p>\n<\/p>\n<p><strong>MARCHE d\u2019AFRIQUE MONT-BLEU <\/strong>ABL<\/p>\n<\/p>\n<p><a href=\"https:\/\/www.google.ca\/search?q=marche+d%27afrique&amp;ie=UTF-8&amp;oe=UTF-8&amp;hl=en-ca&amp;client=safari\">4 Rue Georges-Bilodeau local 8, Gatineau, Quebec J8Z 1V2,<\/a><\/p>\n<\/div>\n\t\t\t\t<\/div>\n\t\t\t\t\t\t\t<div class=\"elementor-accordion-item\">\n\t\t\t\t\t<div id=\"elementor-tab-title-2203\" class=\"elementor-tab-title\" data-tab=\"3\" role=\"tab\" aria-controls=\"elementor-tab-content-2203\" aria-expanded=\"false\">\n\t\t\t\t\t\t\t\t\t\t\t\t\t<span class=\"elementor-accordion-icon elementor-accordion-icon-left\" aria-hidden=\"true\">\n\t\t\t\t\t\t\t\t\t\t\t\t\t\t\t<span class=\"elementor-accordion-icon-closed\"><i class=\"fas fa-plus\"><\/i><\/span>\n\t\t\t\t\t\t\t\t<span class=\"elementor-accordion-icon-opened\"><i class=\"fas fa-minus\"><\/i><\/span>\n\t\t\t\t\t\t\t\t\t\t\t\t\t\t<\/span>\n\t\t\t\t\t\t\t\t\t\t\t\t<a class=\"elementor-accordion-title\" href=\"\">MONTR\u00c9AL<\/a>\n\t\t\t\t\t<\/div>\n\t\t\t\t\t<div id=\"elementor-tab-content-2203\" class=\"elementor-tab-content elementor-clearfix\" data-tab=\"3\" role=\"tabpanel\" aria-labelledby=\"elementor-tab-title-2203\"><p><strong>GHANACAN <\/strong>ABL, SAH<\/p>\n<p>549 Avenue Ogilvy, Montr\u00e9al, QC H3N 1M9<\/p>\n<\/div>\n\t\t\t\t<\/div>\n\t\t\t\t\t\t\t<div class=\"elementor-accordion-item\">\n\t\t\t\t\t<div id=\"elementor-tab-title-2204\" class=\"elementor-tab-title\" data-tab=\"4\" role=\"tab\" aria-controls=\"elementor-tab-content-2204\" aria-expanded=\"false\">\n\t\t\t\t\t\t\t\t\t\t\t\t\t<span class=\"elementor-accordion-icon elementor-accordion-icon-left\" aria-hidden=\"true\">\n\t\t\t\t\t\t\t\t\t\t\t\t\t\t\t<span class=\"elementor-accordion-icon-closed\"><i class=\"fas fa-plus\"><\/i><\/span>\n\t\t\t\t\t\t\t\t<span class=\"elementor-accordion-icon-opened\"><i class=\"fas fa-minus\"><\/i><\/span>\n\t\t\t\t\t\t\t\t\t\t\t\t\t\t<\/span>\n\t\t\t\t\t\t\t\t\t\t\t\t<a class=\"elementor-accordion-title\" href=\"\">SUDBURY<\/a>\n\t\t\t\t\t<\/div>\n\t\t\t\t\t<div id=\"elementor-tab-content-2204\" class=\"elementor-tab-content elementor-clearfix\" data-tab=\"4\" role=\"tabpanel\" aria-labelledby=\"elementor-tab-title-2204\"><h4>Sudbury Tropical Market ABL, SAH<\/h4>\n<p>1258 Kingsway , Sudbury , ON , P3B 2E8<\/p>\n<\/div>\n\t\t\t\t<\/div>\n\t\t\t\t\t\t\t<div class=\"elementor-accordion-item\">\n\t\t\t\t\t<div id=\"elementor-tab-title-2205\" class=\"elementor-tab-title\" data-tab=\"5\" role=\"tab\" aria-controls=\"elementor-tab-content-2205\" aria-expanded=\"false\">\n\t\t\t\t\t\t\t\t\t\t\t\t\t<span class=\"elementor-accordion-icon elementor-accordion-icon-left\" aria-hidden=\"true\">\n\t\t\t\t\t\t\t\t\t\t\t\t\t\t\t<span class=\"elementor-accordion-icon-closed\"><i class=\"fas fa-plus\"><\/i><\/span>\n\t\t\t\t\t\t\t\t<span class=\"elementor-accordion-icon-opened\"><i class=\"fas fa-minus\"><\/i><\/span>\n\t\t\t\t\t\t\t\t\t\t\t\t\t\t<\/span>\n\t\t\t\t\t\t\t\t\t\t\t\t<a class=\"elementor-accordion-title\" href=\"\">QU\u00c9BEC <\/a>\n\t\t\t\t\t<\/div>\n\t\t\t\t\t<div id=\"elementor-tab-content-2205\" class=\"elementor-tab-content elementor-clearfix\" data-tab=\"5\" role=\"tabpanel\" aria-labelledby=\"elementor-tab-title-2205\"><p><strong>SAVEURS D\u2019AFRIQUE, ABL,SAH<\/strong><\/p>\n<p>-1445 Ch Ste-Foy, Qu\u00e9bec, QC G1S 2N7<\/p>\n<\/div>\n\t\t\t\t<\/div>\n\t\t\t\t\t\t\t\t<\/div>\n\t\t\t\t<\/div>\n\t\t\t\t<\/div>\n\t\t\t\t\t\t<\/div>\n\t\t\t\t\t<\/div>\n\t\t<\/div>\n\t\t\t\t\t\t\t\t<\/div>\n\t\t\t\t\t<\/div>\n\t\t<\/section>\n\t\t\t\t\t\t<\/div>\n\t\t\t\t\t\t<\/div>\n\t\t\t\t\t<\/div>\n\t\t","protected":false},"excerpt":{"rendered":"<p>OTTAWA AFRICA WORLD MARKET ABL, SAH, DEG, HUH 1392 Cyrville Rd, Ottawa , ON K1B 3L9 ALL AFRICAN MARKET ABL, SAH, HUH 411 McArthur Ave, Ottawa, ON K1K 1G5 African queen SAH 2430 Bank St, Ottawa, ON K1V 0T7 GEELAND SAH -1620 Walkley Rd, Ottawa, ON K1V 6P5 -1020 St. Laurent Blvd, Ottawa, ON K1K [&hellip;]<\/p>\n","protected":false},"author":1,"featured_media":0,"parent":0,"menu_order":0,"comment_status":"closed","ping_status":"closed","template":"template\/template-full-width.php","meta":{"spay_email":""},"yoast_head":"<!-- This site is optimized with the Yoast SEO plugin v15.8 - https:\/\/yoast.com\/wordpress\/plugins\/seo\/ -->\n<title>O\u00f9 nous trouver? - ALLSPICES FOOD<\/title>\n<meta name=\"robots\" content=\"index, follow, max-snippet:-1, max-image-preview:large, max-video-preview:-1\" \/>\n<link rel=\"canonical\" href=\"https:\/\/allspicesfood.com\/fr\/ou-nous-trouver\/\" \/>\n<meta property=\"og:locale\" content=\"fr_FR\" \/>\n<meta property=\"og:type\" content=\"article\" \/>\n<meta property=\"og:title\" content=\"O\u00f9 nous trouver? - ALLSPICES FOOD\" \/>\n<meta property=\"og:description\" content=\"OTTAWA AFRICA WORLD MARKET ABL, SAH, DEG, HUH 1392 Cyrville Rd, Ottawa , ON K1B 3L9 ALL AFRICAN MARKET ABL, SAH, HUH 411 McArthur Ave, Ottawa, ON K1K 1G5 African queen SAH 2430 Bank St, Ottawa, ON K1V 0T7 GEELAND SAH -1620 Walkley Rd, Ottawa, ON K1V 6P5 -1020 St. Laurent Blvd, Ottawa, ON K1K [&hellip;]\" \/>\n<meta property=\"og:url\" content=\"https:\/\/allspicesfood.com\/fr\/ou-nous-trouver\/\" \/>\n<meta property=\"og:site_name\" content=\"ALLSPICES FOOD\" \/>\n<meta property=\"article:publisher\" content=\"https:\/\/www.facebook.com\/allspicesfood\/\" \/>\n<meta property=\"article:modified_time\" content=\"2021-01-28T18:31:19+00:00\" \/>\n<meta property=\"og:image\" content=\"https:\/\/allspicesfood.com\/wp-content\/uploads\/2021\/02\/allspices_logo_final.png\" \/>\n\t<meta property=\"og:image:width\" content=\"485\" \/>\n\t<meta property=\"og:image:height\" content=\"400\" \/>\n<meta name=\"twitter:card\" content=\"summary_large_image\" \/>\n<meta name=\"twitter:label1\" content=\"Dur\u00e9e de lecture est.\">\n\t<meta name=\"twitter:data1\" content=\"1 minute\">\n<script type=\"application\/ld+json\" class=\"yoast-schema-graph\">{\"@context\":\"https:\/\/schema.org\",\"@graph\":[{\"@type\":\"WebSite\",\"@id\":\"https:\/\/allspicesfood.com\/#website\",\"url\":\"https:\/\/allspicesfood.com\/\",\"name\":\"ALLSPICES FOOD\",\"description\":\"Spices Food website\",\"potentialAction\":[{\"@type\":\"SearchAction\",\"target\":\"https:\/\/allspicesfood.com\/?s={search_term_string}\",\"query-input\":\"required name=search_term_string\"}],\"inLanguage\":\"fr-FR\"},{\"@type\":\"WebPage\",\"@id\":\"https:\/\/allspicesfood.com\/fr\/ou-nous-trouver\/#webpage\",\"url\":\"https:\/\/allspicesfood.com\/fr\/ou-nous-trouver\/\",\"name\":\"O\\u00f9 nous trouver? - ALLSPICES FOOD\",\"isPartOf\":{\"@id\":\"https:\/\/allspicesfood.com\/#website\"},\"datePublished\":\"2021-01-28T18:22:00+00:00\",\"dateModified\":\"2021-01-28T18:31:19+00:00\",\"breadcrumb\":{\"@id\":\"https:\/\/allspicesfood.com\/fr\/ou-nous-trouver\/#breadcrumb\"},\"inLanguage\":\"fr-FR\",\"potentialAction\":[{\"@type\":\"ReadAction\",\"target\":[\"https:\/\/allspicesfood.com\/fr\/ou-nous-trouver\/\"]}]},{\"@type\":\"BreadcrumbList\",\"@id\":\"https:\/\/allspicesfood.com\/fr\/ou-nous-trouver\/#breadcrumb\",\"itemListElement\":[{\"@type\":\"ListItem\",\"position\":1,\"item\":{\"@type\":\"WebPage\",\"@id\":\"https:\/\/allspicesfood.com\/\",\"url\":\"https:\/\/allspicesfood.com\/\",\"name\":\"Home\"}},{\"@type\":\"ListItem\",\"position\":2,\"item\":{\"@type\":\"WebPage\",\"@id\":\"https:\/\/allspicesfood.com\/fr\/ou-nous-trouver\/\",\"url\":\"https:\/\/allspicesfood.com\/fr\/ou-nous-trouver\/\",\"name\":\"O\\u00f9 nous trouver?\"}}]}]}<\/script>\n<!-- \/ Yoast SEO plugin. -->","_links":{"self":[{"href":"https:\/\/allspicesfood.com\/fr\/wp-json\/wp\/v2\/pages\/2663"}],"collection":[{"href":"https:\/\/allspicesfood.com\/fr\/wp-json\/wp\/v2\/pages"}],"about":[{"href":"https:\/\/allspicesfood.com\/fr\/wp-json\/wp\/v2\/types\/page"}],"author":[{"embeddable":true,"href":"https:\/\/allspicesfood.com\/fr\/wp-json\/wp\/v2\/users\/1"}],"replies":[{"embeddable":true,"href":"https:\/\/allspicesfood.com\/fr\/wp-json\/wp\/v2\/comments?post=2663"}],"version-history":[{"count":3,"href":"https:\/\/allspicesfood.com\/fr\/wp-json\/wp\/v2\/pages\/2663\/revisions"}],"predecessor-version":[{"id":2668,"href":"https:\/\/allspicesfood.com\/fr\/wp-json\/wp\/v2\/pages\/2663\/revisions\/2668"}],"wp:attachment":[{"href":"https:\/\/allspicesfood.com\/fr\/wp-json\/wp\/v2\/media?parent=2663"}],"curies":[{"name":"wp","href":"https:\/\/api.w.org\/{rel}","templated":true}]}}