{"id":2788,"date":"2021-02-06T11:18:33","date_gmt":"2021-02-06T11:18:33","guid":{"rendered":"https:\/\/allspicesfood.com\/termes-and-conditions\/"},"modified":"2021-02-06T12:06:53","modified_gmt":"2021-02-06T12:06:53","slug":"termes-and-conditions","status":"publish","type":"page","link":"https:\/\/allspicesfood.com\/fr\/termes-and-conditions\/","title":{"rendered":"Termes and Conditions"},"content":{"rendered":"\t\t<div data-elementor-type=\"wp-post\" data-elementor-id=\"2788\" class=\"elementor elementor-2788 elementor-1096\" data-elementor-settings=\"[]\">\n\t\t\t\t\t\t<div class=\"elementor-inner\">\n\t\t\t\t\t\t\t<div class=\"elementor-section-wrap\">\n\t\t\t\t\t\t\t<section class=\"elementor-section elementor-top-section elementor-element elementor-element-cfe10fe elementor-section-boxed elementor-section-height-default elementor-section-height-default\" data-id=\"cfe10fe\" data-element_type=\"section\">\n\t\t\t\t\t\t<div class=\"elementor-container elementor-column-gap-default\">\n\t\t\t\t\t\t\t<div class=\"elementor-row\">\n\t\t\t\t\t<div class=\"elementor-column elementor-col-100 elementor-top-column elementor-element elementor-element-22a4f3d\" data-id=\"22a4f3d\" data-element_type=\"column\">\n\t\t\t<div class=\"elementor-column-wrap elementor-element-populated\">\n\t\t\t\t\t\t\t<div class=\"elementor-widget-wrap\">\n\t\t\t\t\t\t<div class=\"elementor-element elementor-element-cdbf732 elementor-icon-list--layout-traditional elementor-list-item-link-full_width elementor-widget elementor-widget-icon-list\" data-id=\"cdbf732\" data-element_type=\"widget\" data-widget_type=\"icon-list.default\">\n\t\t\t\t<div class=\"elementor-widget-container\">\n\t\t\t\t\t<ul class=\"elementor-icon-list-items\">\n\t\t\t\t\t\t\t<li class=\"elementor-icon-list-item\">\n\t\t\t\t\t\t\t\t\t\t\t<span class=\"elementor-icon-list-icon\">\n\t\t\t\t\t\t\t<i aria-hidden=\"true\" class=\"fas fa-play\"><\/i>\t\t\t\t\t\t<\/span>\n\t\t\t\t\t\t\t\t\t\t<span class=\"elementor-icon-list-text\"><p><b><span lang=\"fr\">Aucune collecte d\u2019informations personnelles lors de la navigation<p><\/p><\/span><\/b><\/p><\/span>\n\t\t\t\t\t\t\t\t\t<\/li>\n\t\t\t\t\t\t<\/ul>\n\t\t\t\t<\/div>\n\t\t\t\t<\/div>\n\t\t\t\t<div class=\"elementor-element elementor-element-8baffc1 elementor-widget elementor-widget-text-editor\" data-id=\"8baffc1\" data-element_type=\"widget\" data-widget_type=\"text-editor.default\">\n\t\t\t\t<div class=\"elementor-widget-container\">\n\t\t\t\t\t\t\t\t<div class=\"elementor-text-editor elementor-clearfix\">\n\t\t\t\t<p><span lang=\"fr\">Allspices Food ne recueille pas de renseignements personnels \u00e0 votre sujet lors de votre navigation sur le site \u00e0 moins que vous vous inscriviez volontairement \u00e0 un service sp\u00e9cifique qui vous demande de donner de tels renseignements.<\/span><\/p>\n\t\t\t\t\t<\/div>\n\t\t\t\t\t\t<\/div>\n\t\t\t\t<\/div>\n\t\t\t\t<div class=\"elementor-element elementor-element-891a4b6 elementor-icon-list--layout-traditional elementor-list-item-link-full_width elementor-widget elementor-widget-icon-list\" data-id=\"891a4b6\" data-element_type=\"widget\" data-widget_type=\"icon-list.default\">\n\t\t\t\t<div class=\"elementor-widget-container\">\n\t\t\t\t\t<ul class=\"elementor-icon-list-items\">\n\t\t\t\t\t\t\t<li class=\"elementor-icon-list-item\">\n\t\t\t\t\t\t\t\t\t\t\t<span class=\"elementor-icon-list-icon\">\n\t\t\t\t\t\t\t<i aria-hidden=\"true\" class=\"fas fa-play\"><\/i>\t\t\t\t\t\t<\/span>\n\t\t\t\t\t\t\t\t\t\t<span class=\"elementor-icon-list-text\"><p class=\"MsoNormal\"><b><span lang=\"fr\">Renseignements\nobtenus \u00e0 des fins statistiques<\/span><\/b><span lang=\"fr\"><p><\/p><\/span><\/p><\/span>\n\t\t\t\t\t\t\t\t\t<\/li>\n\t\t\t\t\t\t<\/ul>\n\t\t\t\t<\/div>\n\t\t\t\t<\/div>\n\t\t\t\t<div class=\"elementor-element elementor-element-d2eb0c0 elementor-widget elementor-widget-text-editor\" data-id=\"d2eb0c0\" data-element_type=\"widget\" data-widget_type=\"text-editor.default\">\n\t\t\t\t<div class=\"elementor-widget-container\">\n\t\t\t\t\t\t\t\t<div class=\"elementor-text-editor elementor-clearfix\">\n\t\t\t\t<p class=\"MsoNormal\"><span lang=\"fr\">D\u00e8s que vous acc\u00e9dez au site Web de allspices food, certaines informations telles que le nom de domaine et l\u2019adresse IP avec lesquels vous acc\u00e9dez au site Web de allspices food, ainsi que le type de navigateur et le syst\u00e8me d\u2019exploitation que vous utilisez, sont recueillies automatiquement mais aucune de ces informations ne vous identifie personnellement. allspices food, utilise ces informations \u00e0 des fins statistiques pour analyser l\u2019affluence \u00e0 son site Web et ainsi lui permettre de l\u2019am\u00e9liorer.<\/span><\/p>\n\t\t\t\t\t<\/div>\n\t\t\t\t\t\t<\/div>\n\t\t\t\t<\/div>\n\t\t\t\t\t\t<\/div>\n\t\t\t\t\t<\/div>\n\t\t<\/div>\n\t\t\t\t\t\t\t\t<\/div>\n\t\t\t\t\t<\/div>\n\t\t<\/section>\n\t\t\t\t\t\t<\/div>\n\t\t\t\t\t\t<\/div>\n\t\t\t\t\t<\/div>\n\t\t","protected":false},"excerpt":{"rendered":"<p>Aucune collecte d\u2019informations personnelles lors de la navigation Allspices Food ne recueille pas de renseignements personnels \u00e0 votre sujet lors de votre navigation sur le site \u00e0 moins que vous vous inscriviez volontairement \u00e0 un service sp\u00e9cifique qui vous demande de donner de tels renseignements. Renseignements obtenus \u00e0 des fins statistiques D\u00e8s que vous acc\u00e9dez [&hellip;]<\/p>\n","protected":false},"author":1,"featured_media":0,"parent":0,"menu_order":0,"comment_status":"closed","ping_status":"closed","template":"template\/template-full-width.php","meta":{"spay_email":""},"yoast_head":"<!-- This site is optimized with the Yoast SEO plugin v15.8 - https:\/\/yoast.com\/wordpress\/plugins\/seo\/ -->\n<title>Termes and Conditions - ALLSPICES FOOD<\/title>\n<meta name=\"robots\" content=\"index, follow, max-snippet:-1, max-image-preview:large, max-video-preview:-1\" \/>\n<link rel=\"canonical\" href=\"https:\/\/allspicesfood.com\/fr\/terms-and-conditions\/\" \/>\n<meta property=\"og:locale\" content=\"fr_FR\" \/>\n<meta property=\"og:type\" content=\"article\" \/>\n<meta property=\"og:title\" content=\"Termes and Conditions - ALLSPICES FOOD\" \/>\n<meta property=\"og:description\" content=\"Aucune collecte d\u2019informations personnelles lors de la navigation Allspices Food ne recueille pas de renseignements personnels \u00e0 votre sujet lors de votre navigation sur le site \u00e0 moins que vous vous inscriviez volontairement \u00e0 un service sp\u00e9cifique qui vous demande de donner de tels renseignements. Renseignements obtenus \u00e0 des fins statistiques D\u00e8s que vous acc\u00e9dez [&hellip;]\" \/>\n<meta property=\"og:url\" content=\"https:\/\/allspicesfood.com\/terms-and-conditions\/\" \/>\n<meta property=\"og:site_name\" content=\"ALLSPICES FOOD\" \/>\n<meta property=\"article:publisher\" content=\"https:\/\/www.facebook.com\/allspicesfood\/\" \/>\n<meta property=\"article:modified_time\" content=\"2021-02-06T12:06:53+00:00\" \/>\n<meta property=\"og:image\" content=\"https:\/\/allspicesfood.com\/wp-content\/uploads\/2021\/02\/allspices_logo_final.png\" \/>\n\t<meta property=\"og:image:width\" content=\"485\" \/>\n\t<meta property=\"og:image:height\" content=\"400\" \/>\n<meta name=\"twitter:card\" content=\"summary_large_image\" \/>\n<meta name=\"twitter:label1\" content=\"Dur\u00e9e de lecture est.\">\n\t<meta name=\"twitter:data1\" content=\"1 minute\">\n<script type=\"application\/ld+json\" class=\"yoast-schema-graph\">{\"@context\":\"https:\/\/schema.org\",\"@graph\":[{\"@type\":\"WebSite\",\"@id\":\"https:\/\/allspicesfood.com\/#website\",\"url\":\"https:\/\/allspicesfood.com\/\",\"name\":\"ALLSPICES FOOD\",\"description\":\"Spices Food website\",\"potentialAction\":[{\"@type\":\"SearchAction\",\"target\":\"https:\/\/allspicesfood.com\/?s={search_term_string}\",\"query-input\":\"required name=search_term_string\"}],\"inLanguage\":\"fr-FR\"},{\"@type\":\"WebPage\",\"@id\":\"https:\/\/allspicesfood.com\/terms-and-conditions\/#webpage\",\"url\":\"https:\/\/allspicesfood.com\/terms-and-conditions\/\",\"name\":\"Termes and Conditions - ALLSPICES FOOD\",\"isPartOf\":{\"@id\":\"https:\/\/allspicesfood.com\/#website\"},\"datePublished\":\"2021-02-06T11:18:33+00:00\",\"dateModified\":\"2021-02-06T12:06:53+00:00\",\"breadcrumb\":{\"@id\":\"https:\/\/allspicesfood.com\/terms-and-conditions\/#breadcrumb\"},\"inLanguage\":\"fr-FR\",\"potentialAction\":[{\"@type\":\"ReadAction\",\"target\":[\"https:\/\/allspicesfood.com\/terms-and-conditions\/\"]}]},{\"@type\":\"BreadcrumbList\",\"@id\":\"https:\/\/allspicesfood.com\/terms-and-conditions\/#breadcrumb\",\"itemListElement\":[{\"@type\":\"ListItem\",\"position\":1,\"item\":{\"@type\":\"WebPage\",\"@id\":\"https:\/\/allspicesfood.com\/\",\"url\":\"https:\/\/allspicesfood.com\/\",\"name\":\"Home\"}},{\"@type\":\"ListItem\",\"position\":2,\"item\":{\"@type\":\"WebPage\",\"@id\":\"https:\/\/allspicesfood.com\/terms-and-conditions\/\",\"url\":\"https:\/\/allspicesfood.com\/terms-and-conditions\/\",\"name\":\"Termes and Conditions\"}}]}]}<\/script>\n<!-- \/ Yoast SEO plugin. -->","_links":{"self":[{"href":"https:\/\/allspicesfood.com\/fr\/wp-json\/wp\/v2\/pages\/2788"}],"collection":[{"href":"https:\/\/allspicesfood.com\/fr\/wp-json\/wp\/v2\/pages"}],"about":[{"href":"https:\/\/allspicesfood.com\/fr\/wp-json\/wp\/v2\/types\/page"}],"author":[{"embeddable":true,"href":"https:\/\/allspicesfood.com\/fr\/wp-json\/wp\/v2\/users\/1"}],"replies":[{"embeddable":true,"href":"https:\/\/allspicesfood.com\/fr\/wp-json\/wp\/v2\/comments?post=2788"}],"version-history":[{"count":3,"href":"https:\/\/allspicesfood.com\/fr\/wp-json\/wp\/v2\/pages\/2788\/revisions"}],"predecessor-version":[{"id":2814,"href":"https:\/\/allspicesfood.com\/fr\/wp-json\/wp\/v2\/pages\/2788\/revisions\/2814"}],"wp:attachment":[{"href":"https:\/\/allspicesfood.com\/fr\/wp-json\/wp\/v2\/media?parent=2788"}],"curies":[{"name":"wp","href":"https:\/\/api.w.org\/{rel}","templated":true}]}}