{"id":2791,"date":"2021-02-06T11:28:16","date_gmt":"2021-02-06T11:28:16","guid":{"rendered":"https:\/\/allspicesfood.com\/livraison\/"},"modified":"2021-02-06T11:46:28","modified_gmt":"2021-02-06T11:46:28","slug":"livraison","status":"publish","type":"page","link":"https:\/\/allspicesfood.com\/fr\/livraison\/","title":{"rendered":"Livraison"},"content":{"rendered":"\t\t<div data-elementor-type=\"wp-page\" data-elementor-id=\"2791\" class=\"elementor elementor-2791 elementor-2364\" data-elementor-settings=\"[]\">\n\t\t\t\t\t\t<div class=\"elementor-inner\">\n\t\t\t\t\t\t\t<div class=\"elementor-section-wrap\">\n\t\t\t\t\t\t\t<section class=\"elementor-section elementor-top-section elementor-element elementor-element-b68649e elementor-section-boxed elementor-section-height-default elementor-section-height-default\" data-id=\"b68649e\" data-element_type=\"section\">\n\t\t\t\t\t\t<div class=\"elementor-container elementor-column-gap-default\">\n\t\t\t\t\t\t\t<div class=\"elementor-row\">\n\t\t\t\t\t<div class=\"elementor-column elementor-col-100 elementor-top-column elementor-element elementor-element-ae2426b\" data-id=\"ae2426b\" data-element_type=\"column\">\n\t\t\t<div class=\"elementor-column-wrap\">\n\t\t\t\t\t\t\t<div class=\"elementor-widget-wrap\">\n\t\t\t\t\t\t\t\t<\/div>\n\t\t\t\t\t<\/div>\n\t\t<\/div>\n\t\t\t\t\t\t\t\t<\/div>\n\t\t\t\t\t<\/div>\n\t\t<\/section>\n\t\t\t\t<section class=\"elementor-section elementor-top-section elementor-element elementor-element-e0f59ef elementor-section-boxed elementor-section-height-default elementor-section-height-default\" data-id=\"e0f59ef\" data-element_type=\"section\">\n\t\t\t\t\t\t<div class=\"elementor-container elementor-column-gap-default\">\n\t\t\t\t\t\t\t<div class=\"elementor-row\">\n\t\t\t\t\t<div class=\"elementor-column elementor-col-100 elementor-top-column elementor-element elementor-element-7493cb3\" data-id=\"7493cb3\" data-element_type=\"column\">\n\t\t\t<div class=\"elementor-column-wrap elementor-element-populated\">\n\t\t\t\t\t\t\t<div class=\"elementor-widget-wrap\">\n\t\t\t\t\t\t<div class=\"elementor-element elementor-element-8ec3483 elementor-widget elementor-widget-text-editor\" data-id=\"8ec3483\" data-element_type=\"widget\" data-widget_type=\"text-editor.default\">\n\t\t\t\t<div class=\"elementor-widget-container\">\n\t\t\t\t\t\t\t\t<div class=\"elementor-text-editor elementor-clearfix\">\n\t\t\t\t<p>La vente de produits sur ce site peut \u00eatre soumise \u00e0 des conditions suppl\u00e9mentaires qui seront mises \u00e0 votre disposition lors de votre commande.<\/p><p>Les frais de livraison en personne sont fix\u00e9s \u00e0:<br \/>&#8211; 5 $ pour les villes de Gatineau et<\/p><p>Ottawa.<\/p><p>&#8211; 10 $ pour la ville de Montr\u00e9al<\/p><p>&#8211; Autres villes \u00e0 venir<\/p><p>Pour les commandes qui seront livr\u00e9es par la poste, veuillez ajouter la commande et saisir votre adresse pour estimer les frais d&rsquo;exp\u00e9dition.<\/p>\t\t\t\t\t<\/div>\n\t\t\t\t\t\t<\/div>\n\t\t\t\t<\/div>\n\t\t\t\t\t\t<\/div>\n\t\t\t\t\t<\/div>\n\t\t<\/div>\n\t\t\t\t\t\t\t\t<\/div>\n\t\t\t\t\t<\/div>\n\t\t<\/section>\n\t\t\t\t\t\t<\/div>\n\t\t\t\t\t\t<\/div>\n\t\t\t\t\t<\/div>\n\t\t","protected":false},"excerpt":{"rendered":"<p>La vente de produits sur ce site peut \u00eatre soumise \u00e0 des conditions suppl\u00e9mentaires qui seront mises \u00e0 votre disposition lors de votre commande. Les frais de livraison en personne sont fix\u00e9s \u00e0:&#8211; 5 $ pour les villes de Gatineau et Ottawa. &#8211; 10 $ pour la ville de Montr\u00e9al &#8211; Autres villes \u00e0 venir [&hellip;]<\/p>\n","protected":false},"author":1,"featured_media":0,"parent":0,"menu_order":0,"comment_status":"closed","ping_status":"closed","template":"template\/template-full-width.php","meta":{"spay_email":""},"yoast_head":"<!-- This site is optimized with the Yoast SEO plugin v15.8 - https:\/\/yoast.com\/wordpress\/plugins\/seo\/ -->\n<title>Livraison - ALLSPICES FOOD<\/title>\n<meta name=\"robots\" content=\"index, follow, max-snippet:-1, max-image-preview:large, max-video-preview:-1\" \/>\n<link rel=\"canonical\" href=\"https:\/\/allspicesfood.com\/fr\/livraison\/\" \/>\n<meta property=\"og:locale\" content=\"fr_FR\" \/>\n<meta property=\"og:type\" content=\"article\" \/>\n<meta property=\"og:title\" content=\"Livraison - ALLSPICES FOOD\" \/>\n<meta property=\"og:description\" content=\"La vente de produits sur ce site peut \u00eatre soumise \u00e0 des conditions suppl\u00e9mentaires qui seront mises \u00e0 votre disposition lors de votre commande. Les frais de livraison en personne sont fix\u00e9s \u00e0:&#8211; 5 $ pour les villes de Gatineau et Ottawa. &#8211; 10 $ pour la ville de Montr\u00e9al &#8211; Autres villes \u00e0 venir [&hellip;]\" \/>\n<meta property=\"og:url\" content=\"https:\/\/allspicesfood.com\/fr\/livraison\/\" \/>\n<meta property=\"og:site_name\" content=\"ALLSPICES FOOD\" \/>\n<meta property=\"article:publisher\" content=\"https:\/\/www.facebook.com\/allspicesfood\/\" \/>\n<meta property=\"article:modified_time\" content=\"2021-02-06T11:46:28+00:00\" \/>\n<meta property=\"og:image\" content=\"https:\/\/allspicesfood.com\/wp-content\/uploads\/2021\/02\/allspices_logo_final.png\" \/>\n\t<meta property=\"og:image:width\" content=\"485\" \/>\n\t<meta property=\"og:image:height\" content=\"400\" \/>\n<meta name=\"twitter:card\" content=\"summary_large_image\" \/>\n<script type=\"application\/ld+json\" class=\"yoast-schema-graph\">{\"@context\":\"https:\/\/schema.org\",\"@graph\":[{\"@type\":\"WebSite\",\"@id\":\"https:\/\/allspicesfood.com\/#website\",\"url\":\"https:\/\/allspicesfood.com\/\",\"name\":\"ALLSPICES FOOD\",\"description\":\"Spices Food website\",\"potentialAction\":[{\"@type\":\"SearchAction\",\"target\":\"https:\/\/allspicesfood.com\/?s={search_term_string}\",\"query-input\":\"required name=search_term_string\"}],\"inLanguage\":\"fr-FR\"},{\"@type\":\"WebPage\",\"@id\":\"https:\/\/allspicesfood.com\/fr\/livraison\/#webpage\",\"url\":\"https:\/\/allspicesfood.com\/fr\/livraison\/\",\"name\":\"Livraison - ALLSPICES FOOD\",\"isPartOf\":{\"@id\":\"https:\/\/allspicesfood.com\/#website\"},\"datePublished\":\"2021-02-06T11:28:16+00:00\",\"dateModified\":\"2021-02-06T11:46:28+00:00\",\"breadcrumb\":{\"@id\":\"https:\/\/allspicesfood.com\/fr\/livraison\/#breadcrumb\"},\"inLanguage\":\"fr-FR\",\"potentialAction\":[{\"@type\":\"ReadAction\",\"target\":[\"https:\/\/allspicesfood.com\/fr\/livraison\/\"]}]},{\"@type\":\"BreadcrumbList\",\"@id\":\"https:\/\/allspicesfood.com\/fr\/livraison\/#breadcrumb\",\"itemListElement\":[{\"@type\":\"ListItem\",\"position\":1,\"item\":{\"@type\":\"WebPage\",\"@id\":\"https:\/\/allspicesfood.com\/\",\"url\":\"https:\/\/allspicesfood.com\/\",\"name\":\"Home\"}},{\"@type\":\"ListItem\",\"position\":2,\"item\":{\"@type\":\"WebPage\",\"@id\":\"https:\/\/allspicesfood.com\/fr\/livraison\/\",\"url\":\"https:\/\/allspicesfood.com\/fr\/livraison\/\",\"name\":\"Livraison\"}}]}]}<\/script>\n<!-- \/ Yoast SEO plugin. -->","_links":{"self":[{"href":"https:\/\/allspicesfood.com\/fr\/wp-json\/wp\/v2\/pages\/2791"}],"collection":[{"href":"https:\/\/allspicesfood.com\/fr\/wp-json\/wp\/v2\/pages"}],"about":[{"href":"https:\/\/allspicesfood.com\/fr\/wp-json\/wp\/v2\/types\/page"}],"author":[{"embeddable":true,"href":"https:\/\/allspicesfood.com\/fr\/wp-json\/wp\/v2\/users\/1"}],"replies":[{"embeddable":true,"href":"https:\/\/allspicesfood.com\/fr\/wp-json\/wp\/v2\/comments?post=2791"}],"version-history":[{"count":3,"href":"https:\/\/allspicesfood.com\/fr\/wp-json\/wp\/v2\/pages\/2791\/revisions"}],"predecessor-version":[{"id":2808,"href":"https:\/\/allspicesfood.com\/fr\/wp-json\/wp\/v2\/pages\/2791\/revisions\/2808"}],"wp:attachment":[{"href":"https:\/\/allspicesfood.com\/fr\/wp-json\/wp\/v2\/media?parent=2791"}],"curies":[{"name":"wp","href":"https:\/\/api.w.org\/{rel}","templated":true}]}}