{"id":2798,"date":"2021-02-06T11:36:37","date_gmt":"2021-02-06T11:36:37","guid":{"rendered":"https:\/\/allspicesfood.com\/retour-de-produits\/"},"modified":"2021-02-06T12:08:22","modified_gmt":"2021-02-06T12:08:22","slug":"retour-de-produits","status":"publish","type":"page","link":"https:\/\/allspicesfood.com\/fr\/retour-de-produits\/","title":{"rendered":"Retour de Produits"},"content":{"rendered":"\t\t<div data-elementor-type=\"wp-post\" data-elementor-id=\"2798\" class=\"elementor elementor-2798 elementor-2793\" data-elementor-settings=\"[]\">\n\t\t\t\t\t\t<div class=\"elementor-inner\">\n\t\t\t\t\t\t\t<div class=\"elementor-section-wrap\">\n\t\t\t\t\t\t\t<section class=\"elementor-section elementor-top-section elementor-element elementor-element-cfe10fe elementor-section-boxed elementor-section-height-default elementor-section-height-default\" data-id=\"cfe10fe\" data-element_type=\"section\">\n\t\t\t\t\t\t<div class=\"elementor-container elementor-column-gap-default\">\n\t\t\t\t\t\t\t<div class=\"elementor-row\">\n\t\t\t\t\t<div class=\"elementor-column elementor-col-100 elementor-top-column elementor-element elementor-element-dcc83dc\" data-id=\"dcc83dc\" data-element_type=\"column\">\n\t\t\t<div class=\"elementor-column-wrap elementor-element-populated\">\n\t\t\t\t\t\t\t<div class=\"elementor-widget-wrap\">\n\t\t\t\t\t\t<div class=\"elementor-element elementor-element-5be148d elementor-widget elementor-widget-text-editor\" data-id=\"5be148d\" data-element_type=\"widget\" data-widget_type=\"text-editor.default\">\n\t\t\t\t<div class=\"elementor-widget-container\">\n\t\t\t\t\t\t\t\t<div class=\"elementor-text-editor elementor-clearfix\">\n\t\t\t\t<p>Politique de retour et de remboursement<br \/>Derni\u00e8re mise \u00e0 jour: 4 f\u00e9vrier 2021<br \/>Merci de magasiner chez allSpices Food.<br \/>Si, pour quelque raison que ce soit, vous n&rsquo;\u00eates pas enti\u00e8rement satisfait d&rsquo;un achat, nous vous invitons \u00e0 consulter notre politique de remboursement et de retour.<br \/>Les conditions suivantes s&rsquo;appliquent \u00e0 tous les produits que vous avez achet\u00e9s avec nous.<br \/>Interpr\u00e9tation et d\u00e9finitions<\/p><p><br \/><strong>Interpr\u00e9tation<\/strong><br \/>Les mots dont la lettre initiale est en majuscule ont des significations d\u00e9finies dans les conditions suivantes. Les d\u00e9finitions suivantes ont la m\u00eame signification, qu&rsquo;elles apparaissent au singulier ou au pluriel.<br \/><strong>D\u00e9finitions<\/strong><br \/>Aux fins de cette politique de retour et de remboursement:<br \/>La soci\u00e9t\u00e9 (d\u00e9nomm\u00e9e \u00abla soci\u00e9t\u00e9\u00bb, \u00abnous\u00bb, \u00abnotre\u00bb ou \u00abnotre\u00bb dans le pr\u00e9sent contrat) d\u00e9signe allSpices Food, 1155 Lola St.<br \/>Les marchandises d\u00e9signent les articles propos\u00e9s \u00e0 la vente sur le Service.<br \/>Les commandes signifient une demande de votre part d&rsquo;acheter des marchandises chez nous.<br \/>Le service fait r\u00e9f\u00e9rence au site Web.<br \/>Le site Web fait r\u00e9f\u00e9rence \u00e0 allSpices Food, accessible depuis www.allspicesfood.com<br \/>Vous d\u00e9signe la personne acc\u00e9dant ou utilisant le Service, ou la soci\u00e9t\u00e9, ou toute autre entit\u00e9 juridique au nom de laquelle cette personne acc\u00e8de ou utilise le Service, selon le cas.<br \/><strong>Vos droits d&rsquo;annulation de commande<\/strong><br \/>Vous avez le droit d&rsquo;annuler votre commande dans les 7 jours sans donner aucune raison de le faire.<br \/>Le d\u00e9lai d&rsquo;annulation d&rsquo;une Commande est de 7 jours \u00e0 compter de la date \u00e0 laquelle Vous avez re\u00e7u les Marchandises ou \u00e0 laquelle un tiers que vous avez d\u00e9sign\u00e9, qui n&rsquo;est pas le transporteur, prend possession du produit livr\u00e9.<br \/>Afin d&rsquo;exercer votre droit de r\u00e9tractation, vous devez nous informer de votre d\u00e9cision au moyen d&rsquo;une d\u00e9claration claire. Vous pouvez nous informer de votre d\u00e9cision en:<br \/>Par email: <a href=\"mailto:info@allspicesfood.com\">info@allspicesfood.com<\/a><\/p><p>Par t\u00e9l\u00e9phone: 6132006883<\/p><p>Nous vous rembourserons au plus tard 14 jours \u00e0 compter du jour o\u00f9 nous recevrons les marchandises retourn\u00e9es. Nous utiliserons le m\u00eame moyen de paiement que celui que vous avez utilis\u00e9 pour la commande et vous n&rsquo;encourrez aucun frais pour un tel remboursement.<\/p><p>Conditions de retour<\/p><p>Pour que les marchandises soient \u00e9ligibles \u00e0 un retour, veuillez vous assurer que:<\/p><ul><li>Les marchandises ont \u00e9t\u00e9 achet\u00e9es au cours des 7 derniers jours<\/li><li>Les marchandises sont dans l&#8217;emballage d&rsquo;origine<\/li><\/ul><p>Les marchandises suivantes ne peuvent pas \u00eatre retourn\u00e9es:<\/p><ul><li>La fourniture de Biens confectionn\u00e9s selon vos sp\u00e9cifications ou clairement personnalis\u00e9s.<\/li><li>La fourniture de Marchandises qui, selon leur nature, ne sont pas aptes \u00e0 \u00eatre retourn\u00e9es, se d\u00e9t\u00e9riorent rapidement ou lorsque la date d&rsquo;expiration est d\u00e9pass\u00e9e.<\/li><li>La fourniture de Marchandises qui ne peuvent pas \u00eatre retourn\u00e9es pour des raisons de protection de la sant\u00e9 ou d&rsquo;hygi\u00e8ne et qui ont \u00e9t\u00e9 descell\u00e9es apr\u00e8s la livraison.<\/li><li>La fourniture de Marchandises qui, apr\u00e8s livraison, selon leur nature, sont m\u00e9lang\u00e9es de mani\u00e8re indissociable avec d&rsquo;autres articles.<\/li><\/ul><p>Nous nous r\u00e9servons le droit de refuser le retour de toute marchandise qui ne r\u00e9pond pas aux conditions de retour ci-dessus \u00e0 notre seule discr\u00e9tion.<\/p><p>Seuls les produits \u00e0 prix r\u00e9gulier peuvent \u00eatre rembours\u00e9s. Malheureusement, les produits en vente ne peuvent pas \u00eatre rembours\u00e9s. Cette exclusion peut ne pas s&rsquo;appliquer \u00e0 vous si elle n&rsquo;est pas autoris\u00e9e par la loi applicable.<\/p><p>Retour des marchandises<\/p><p>Vous \u00eates responsable du co\u00fbt et du risque de nous retourner les marchandises. Vous devez envoyer les marchandises \u00e0 l&rsquo;adresse suivante:<\/p><p>\u00a0<\/p><p>\u00a0<\/p><p>1155, rue Lola, unit\u00e9 7 K1K 4C1 Ottawa, ON<\/p><p>Nous ne pouvons \u00eatre tenus responsables des marchandises endommag\u00e9es ou perdues lors du retour. Par cons\u00e9quent, nous recommandons un service de courrier assur\u00e9 et tra\u00e7able. Nous ne sommes pas en mesure d&rsquo;\u00e9mettre un remboursement sans r\u00e9ception effective des marchandises ou preuve de la livraison de retour re\u00e7ue.<\/p><p>\u00a0<\/p><p>\u00a0<\/p><p>Cadeaux<\/p><p>Si les marchandises ont \u00e9t\u00e9 marqu\u00e9es comme cadeau lors de l&rsquo;achat et ensuite exp\u00e9di\u00e9es directement chez vous, vous recevrez un cr\u00e9dit-cadeau pour la valeur de votre retour. Une fois le produit retourn\u00e9 re\u00e7u, un ch\u00e8que-cadeau vous sera envoy\u00e9 par la poste.<\/p><p>Si les marchandises n&rsquo;ont pas \u00e9t\u00e9 marqu\u00e9es comme un cadeau lors de l&rsquo;achat, ou si le donneur de cadeau s&rsquo;est fait exp\u00e9dier la commande pour vous la donner plus tard, nous enverrons le remboursement au donneur de cadeau.<\/p><p>Nous contacter<\/p><p>Si vous avez des questions sur notre politique de retour et de remboursement, veuillez nous contacter:<\/p><p>Par email: info@allspicesfood.com<\/p><p>Par t\u00e9l\u00e9phone: 6132006883<\/p>\t\t\t\t\t<\/div>\n\t\t\t\t\t\t<\/div>\n\t\t\t\t<\/div>\n\t\t\t\t\t\t<\/div>\n\t\t\t\t\t<\/div>\n\t\t<\/div>\n\t\t\t\t\t\t\t\t<\/div>\n\t\t\t\t\t<\/div>\n\t\t<\/section>\n\t\t\t\t\t\t<\/div>\n\t\t\t\t\t\t<\/div>\n\t\t\t\t\t<\/div>\n\t\t","protected":false},"excerpt":{"rendered":"<p>Politique de retour et de remboursementDerni\u00e8re mise \u00e0 jour: 4 f\u00e9vrier 2021Merci de magasiner chez allSpices Food.Si, pour quelque raison que ce soit, vous n&rsquo;\u00eates pas enti\u00e8rement satisfait d&rsquo;un achat, nous vous invitons \u00e0 consulter notre politique de remboursement et de retour.Les conditions suivantes s&rsquo;appliquent \u00e0 tous les produits que vous avez achet\u00e9s avec nous.Interpr\u00e9tation [&hellip;]<\/p>\n","protected":false},"author":1,"featured_media":0,"parent":0,"menu_order":0,"comment_status":"closed","ping_status":"closed","template":"template\/template-full-width.php","meta":{"spay_email":""},"yoast_head":"<!-- This site is optimized with the Yoast SEO plugin v15.8 - https:\/\/yoast.com\/wordpress\/plugins\/seo\/ -->\n<title>Retour de Produits - ALLSPICES FOOD<\/title>\n<meta name=\"robots\" content=\"index, follow, max-snippet:-1, max-image-preview:large, max-video-preview:-1\" \/>\n<link rel=\"canonical\" href=\"https:\/\/allspicesfood.com\/fr\/retour-de-produits\/\" \/>\n<meta property=\"og:locale\" content=\"fr_FR\" \/>\n<meta property=\"og:type\" content=\"article\" \/>\n<meta property=\"og:title\" content=\"Retour de Produits - ALLSPICES FOOD\" \/>\n<meta property=\"og:description\" content=\"Politique de retour et de remboursementDerni\u00e8re mise \u00e0 jour: 4 f\u00e9vrier 2021Merci de magasiner chez allSpices Food.Si, pour quelque raison que ce soit, vous n&rsquo;\u00eates pas enti\u00e8rement satisfait d&rsquo;un achat, nous vous invitons \u00e0 consulter notre politique de remboursement et de retour.Les conditions suivantes s&rsquo;appliquent \u00e0 tous les produits que vous avez achet\u00e9s avec nous.Interpr\u00e9tation [&hellip;]\" \/>\n<meta property=\"og:url\" content=\"https:\/\/allspicesfood.com\/fr\/retour-de-produits\/\" \/>\n<meta property=\"og:site_name\" content=\"ALLSPICES FOOD\" \/>\n<meta property=\"article:publisher\" content=\"https:\/\/www.facebook.com\/allspicesfood\/\" \/>\n<meta property=\"article:modified_time\" content=\"2021-02-06T12:08:22+00:00\" \/>\n<meta property=\"og:image\" content=\"https:\/\/allspicesfood.com\/wp-content\/uploads\/2021\/02\/allspices_logo_final.png\" \/>\n\t<meta property=\"og:image:width\" content=\"485\" \/>\n\t<meta property=\"og:image:height\" content=\"400\" \/>\n<meta name=\"twitter:card\" content=\"summary_large_image\" \/>\n<meta name=\"twitter:label1\" content=\"Dur\u00e9e de lecture est.\">\n\t<meta name=\"twitter:data1\" content=\"4 minutes\">\n<script type=\"application\/ld+json\" class=\"yoast-schema-graph\">{\"@context\":\"https:\/\/schema.org\",\"@graph\":[{\"@type\":\"WebSite\",\"@id\":\"https:\/\/allspicesfood.com\/#website\",\"url\":\"https:\/\/allspicesfood.com\/\",\"name\":\"ALLSPICES FOOD\",\"description\":\"Spices Food website\",\"potentialAction\":[{\"@type\":\"SearchAction\",\"target\":\"https:\/\/allspicesfood.com\/?s={search_term_string}\",\"query-input\":\"required name=search_term_string\"}],\"inLanguage\":\"fr-FR\"},{\"@type\":\"WebPage\",\"@id\":\"https:\/\/allspicesfood.com\/fr\/retour-de-produits\/#webpage\",\"url\":\"https:\/\/allspicesfood.com\/fr\/retour-de-produits\/\",\"name\":\"Retour de Produits - ALLSPICES FOOD\",\"isPartOf\":{\"@id\":\"https:\/\/allspicesfood.com\/#website\"},\"datePublished\":\"2021-02-06T11:36:37+00:00\",\"dateModified\":\"2021-02-06T12:08:22+00:00\",\"breadcrumb\":{\"@id\":\"https:\/\/allspicesfood.com\/fr\/retour-de-produits\/#breadcrumb\"},\"inLanguage\":\"fr-FR\",\"potentialAction\":[{\"@type\":\"ReadAction\",\"target\":[\"https:\/\/allspicesfood.com\/fr\/retour-de-produits\/\"]}]},{\"@type\":\"BreadcrumbList\",\"@id\":\"https:\/\/allspicesfood.com\/fr\/retour-de-produits\/#breadcrumb\",\"itemListElement\":[{\"@type\":\"ListItem\",\"position\":1,\"item\":{\"@type\":\"WebPage\",\"@id\":\"https:\/\/allspicesfood.com\/\",\"url\":\"https:\/\/allspicesfood.com\/\",\"name\":\"Home\"}},{\"@type\":\"ListItem\",\"position\":2,\"item\":{\"@type\":\"WebPage\",\"@id\":\"https:\/\/allspicesfood.com\/fr\/retour-de-produits\/\",\"url\":\"https:\/\/allspicesfood.com\/fr\/retour-de-produits\/\",\"name\":\"Retour de Produits\"}}]}]}<\/script>\n<!-- \/ Yoast SEO plugin. -->","_links":{"self":[{"href":"https:\/\/allspicesfood.com\/fr\/wp-json\/wp\/v2\/pages\/2798"}],"collection":[{"href":"https:\/\/allspicesfood.com\/fr\/wp-json\/wp\/v2\/pages"}],"about":[{"href":"https:\/\/allspicesfood.com\/fr\/wp-json\/wp\/v2\/types\/page"}],"author":[{"embeddable":true,"href":"https:\/\/allspicesfood.com\/fr\/wp-json\/wp\/v2\/users\/1"}],"replies":[{"embeddable":true,"href":"https:\/\/allspicesfood.com\/fr\/wp-json\/wp\/v2\/comments?post=2798"}],"version-history":[{"count":8,"href":"https:\/\/allspicesfood.com\/fr\/wp-json\/wp\/v2\/pages\/2798\/revisions"}],"predecessor-version":[{"id":2817,"href":"https:\/\/allspicesfood.com\/fr\/wp-json\/wp\/v2\/pages\/2798\/revisions\/2817"}],"wp:attachment":[{"href":"https:\/\/allspicesfood.com\/fr\/wp-json\/wp\/v2\/media?parent=2798"}],"curies":[{"name":"wp","href":"https:\/\/api.w.org\/{rel}","templated":true}]}}