{"id":3206,"date":"2025-09-16T17:21:42","date_gmt":"2025-09-16T17:21:42","guid":{"rendered":"https:\/\/allspicesfood.com\/?post_type=product&#038;p=3206"},"modified":"2026-03-14T04:59:31","modified_gmt":"2026-03-14T04:59:31","slug":"biscolait-milk-cookies","status":"publish","type":"product","link":"https:\/\/allspicesfood.com\/fr\/product\/biscolait-milk-cookies\/","title":{"rendered":"Biscolait-Milk cookies"},"content":{"rendered":"<p>Oven baked milk cookies.<br \/>\nIngr\u00e9dients : Farine de bl\u00e9, sucre,beurre, lait, \u0153ufs, extrait de vanille, sel, levure chimique.<\/p>\n<p>Ingredients:Wheat flour, sugar, butter, milk, eggs, vanilla extract, salt, baking powder.<\/p>\n","protected":false},"excerpt":{"rendered":"<p>Oven baked milk cookies. Ingr\u00e9dients : Farine de bl\u00e9, sucre,beurre, lait, \u0153ufs, extrait de vanille, sel, levure chimique. Ingredients:Wheat flour, sugar, butter, milk, eggs, vanilla extract, salt, baking powder.<\/p>\n","protected":false},"featured_media":3227,"template":"","meta":{"spay_email":""},"product_cat":[99],"product_tag":[],"yoast_head":"<!-- This site is optimized with the Yoast SEO plugin v15.8 - https:\/\/yoast.com\/wordpress\/plugins\/seo\/ -->\n<title>Biscolait-Milk cookies - ALLSPICES FOOD<\/title>\n<meta name=\"description\" content=\"Canada produit africains biscolait pas cher, livraison rapide\" \/>\n<meta name=\"robots\" content=\"index, follow, max-snippet:-1, max-image-preview:large, max-video-preview:-1\" \/>\n<link rel=\"canonical\" href=\"https:\/\/allspicesfood.com\/fr\/product\/biscolait-milk-cookies\/\" \/>\n<meta property=\"og:locale\" content=\"fr_FR\" \/>\n<meta property=\"og:type\" content=\"article\" \/>\n<meta property=\"og:title\" content=\"Biscolait-Milk cookies - ALLSPICES FOOD\" \/>\n<meta property=\"og:description\" content=\"Canada produit africains biscolait pas cher, livraison rapide\" \/>\n<meta property=\"og:url\" content=\"https:\/\/allspicesfood.com\/product\/biscolait-milk-cookies\/\" \/>\n<meta property=\"og:site_name\" content=\"ALLSPICES FOOD\" \/>\n<meta property=\"article:publisher\" content=\"https:\/\/www.facebook.com\/allspicesfood\/\" \/>\n<meta property=\"article:modified_time\" content=\"2026-03-14T04:59:31+00:00\" \/>\n<meta property=\"og:image\" content=\"https:\/\/allspicesfood.com\/wp-content\/uploads\/2025\/09\/ChatGPT-Image-24-sept.-2025-10_05_59.png\" \/>\n\t<meta property=\"og:image:width\" content=\"1024\" \/>\n\t<meta property=\"og:image:height\" content=\"1024\" \/>\n<meta name=\"twitter:card\" content=\"summary_large_image\" \/>\n<meta name=\"twitter:label1\" content=\"Dur\u00e9e de lecture est.\">\n\t<meta name=\"twitter:data1\" content=\"1 minute\">\n<script type=\"application\/ld+json\" class=\"yoast-schema-graph\">{\"@context\":\"https:\/\/schema.org\",\"@graph\":[{\"@type\":\"WebSite\",\"@id\":\"https:\/\/allspicesfood.com\/#website\",\"url\":\"https:\/\/allspicesfood.com\/\",\"name\":\"ALLSPICES FOOD\",\"description\":\"Spices Food website\",\"potentialAction\":[{\"@type\":\"SearchAction\",\"target\":\"https:\/\/allspicesfood.com\/?s={search_term_string}\",\"query-input\":\"required name=search_term_string\"}],\"inLanguage\":\"fr-FR\"},{\"@type\":\"ImageObject\",\"@id\":\"https:\/\/allspicesfood.com\/product\/biscolait-milk-cookies\/#primaryimage\",\"inLanguage\":\"fr-FR\",\"url\":\"https:\/\/allspicesfood.com\/wp-content\/uploads\/2025\/09\/ChatGPT-Image-24-sept.-2025-10_05_59.png\",\"width\":1024,\"height\":1024},{\"@type\":\"WebPage\",\"@id\":\"https:\/\/allspicesfood.com\/product\/biscolait-milk-cookies\/#webpage\",\"url\":\"https:\/\/allspicesfood.com\/product\/biscolait-milk-cookies\/\",\"name\":\"Biscolait-Milk cookies - ALLSPICES FOOD\",\"isPartOf\":{\"@id\":\"https:\/\/allspicesfood.com\/#website\"},\"primaryImageOfPage\":{\"@id\":\"https:\/\/allspicesfood.com\/product\/biscolait-milk-cookies\/#primaryimage\"},\"datePublished\":\"2025-09-16T17:21:42+00:00\",\"dateModified\":\"2026-03-14T04:59:31+00:00\",\"description\":\"Canada produit africains biscolait pas cher, livraison rapide\",\"breadcrumb\":{\"@id\":\"https:\/\/allspicesfood.com\/product\/biscolait-milk-cookies\/#breadcrumb\"},\"inLanguage\":\"fr-FR\",\"potentialAction\":[{\"@type\":\"ReadAction\",\"target\":[\"https:\/\/allspicesfood.com\/product\/biscolait-milk-cookies\/\"]}]},{\"@type\":\"BreadcrumbList\",\"@id\":\"https:\/\/allspicesfood.com\/product\/biscolait-milk-cookies\/#breadcrumb\",\"itemListElement\":[{\"@type\":\"ListItem\",\"position\":1,\"item\":{\"@type\":\"WebPage\",\"@id\":\"https:\/\/allspicesfood.com\/\",\"url\":\"https:\/\/allspicesfood.com\/\",\"name\":\"Home\"}},{\"@type\":\"ListItem\",\"position\":2,\"item\":{\"@type\":\"WebPage\",\"@id\":\"https:\/\/allspicesfood.com\/boutique\/\",\"url\":\"https:\/\/allspicesfood.com\/boutique\/\",\"name\":\"Boutique\"}},{\"@type\":\"ListItem\",\"position\":3,\"item\":{\"@type\":\"WebPage\",\"@id\":\"https:\/\/allspicesfood.com\/product\/biscolait-milk-cookies\/\",\"url\":\"https:\/\/allspicesfood.com\/product\/biscolait-milk-cookies\/\",\"name\":\"Biscolait-Milk cookies\"}}]}]}<\/script>\n<!-- \/ Yoast SEO plugin. -->","_links":{"self":[{"href":"https:\/\/allspicesfood.com\/fr\/wp-json\/wp\/v2\/product\/3206"}],"collection":[{"href":"https:\/\/allspicesfood.com\/fr\/wp-json\/wp\/v2\/product"}],"about":[{"href":"https:\/\/allspicesfood.com\/fr\/wp-json\/wp\/v2\/types\/product"}],"version-history":[{"count":1,"href":"https:\/\/allspicesfood.com\/fr\/wp-json\/wp\/v2\/product\/3206\/revisions"}],"predecessor-version":[{"id":3207,"href":"https:\/\/allspicesfood.com\/fr\/wp-json\/wp\/v2\/product\/3206\/revisions\/3207"}],"wp:featuredmedia":[{"embeddable":true,"href":"https:\/\/allspicesfood.com\/fr\/wp-json\/wp\/v2\/media\/3227"}],"wp:attachment":[{"href":"https:\/\/allspicesfood.com\/fr\/wp-json\/wp\/v2\/media?parent=3206"}],"wp:term":[{"taxonomy":"product_cat","embeddable":true,"href":"https:\/\/allspicesfood.com\/fr\/wp-json\/wp\/v2\/product_cat?post=3206"},{"taxonomy":"product_tag","embeddable":true,"href":"https:\/\/allspicesfood.com\/fr\/wp-json\/wp\/v2\/product_tag?post=3206"}],"curies":[{"name":"wp","href":"https:\/\/api.w.org\/{rel}","templated":true}]}}