{"id":3209,"date":"2025-09-18T04:19:27","date_gmt":"2025-09-18T04:19:27","guid":{"rendered":"https:\/\/allspicesfood.com\/?post_type=product&#038;p=3209"},"modified":"2025-10-27T12:19:39","modified_gmt":"2025-10-27T12:19:39","slug":"chin-chin-croquettes","status":"publish","type":"product","link":"https:\/\/allspicesfood.com\/fr\/product\/chin-chin-croquettes\/","title":{"rendered":"Chin-Chin\/Croquettes"},"content":{"rendered":"<p>Oven baked ChinChin.<br \/>\nIngr\u00e9dients : Farine de bl\u00e9, sucre,beurre, lait, \u0153ufs, extrait de vanille, sel, levure chimique.<\/p>\n<p>Ingredients:Wheat flour, sugar, butter, milk, eggs, vanilla extract, salt, baking powder.<\/p>\n","protected":false},"excerpt":{"rendered":"<p>Oven baked ChinChin. Ingr\u00e9dients : Farine de bl\u00e9, sucre,beurre, lait, \u0153ufs, extrait de vanille, sel, levure chimique. Ingredients:Wheat flour, sugar, butter, milk, eggs, vanilla extract, salt, baking powder.<\/p>\n","protected":false},"featured_media":0,"template":"","meta":{"spay_email":""},"product_cat":[99],"product_tag":[],"yoast_head":"<!-- This site is optimized with the Yoast SEO plugin v15.8 - https:\/\/yoast.com\/wordpress\/plugins\/seo\/ -->\n<title>Chin-Chin\/Croquettes - ALLSPICES FOOD<\/title>\n<meta name=\"robots\" content=\"index, follow, max-snippet:-1, max-image-preview:large, max-video-preview:-1\" \/>\n<link rel=\"canonical\" href=\"https:\/\/allspicesfood.com\/fr\/product\/chin-chin-croquettes\/\" \/>\n<meta property=\"og:locale\" content=\"fr_FR\" \/>\n<meta property=\"og:type\" content=\"article\" \/>\n<meta property=\"og:title\" content=\"Chin-Chin\/Croquettes - ALLSPICES FOOD\" \/>\n<meta property=\"og:description\" content=\"Oven baked ChinChin. Ingr\u00e9dients : Farine de bl\u00e9, sucre,beurre, lait, \u0153ufs, extrait de vanille, sel, levure chimique. Ingredients:Wheat flour, sugar, butter, milk, eggs, vanilla extract, salt, baking powder.\" \/>\n<meta property=\"og:url\" content=\"https:\/\/allspicesfood.com\/product\/chin-chin-croquettes\/\" \/>\n<meta property=\"og:site_name\" content=\"ALLSPICES FOOD\" \/>\n<meta property=\"article:publisher\" content=\"https:\/\/www.facebook.com\/allspicesfood\/\" \/>\n<meta property=\"article:modified_time\" content=\"2025-10-27T12:19:39+00:00\" \/>\n<meta property=\"og:image\" content=\"https:\/\/allspicesfood.com\/wp-content\/uploads\/2021\/02\/allspices_logo_final.png\" \/>\n\t<meta property=\"og:image:width\" content=\"485\" \/>\n\t<meta property=\"og:image:height\" content=\"400\" \/>\n<meta name=\"twitter:card\" content=\"summary_large_image\" \/>\n<meta name=\"twitter:label1\" content=\"Dur\u00e9e de lecture est.\">\n\t<meta name=\"twitter:data1\" content=\"1 minute\">\n<script type=\"application\/ld+json\" class=\"yoast-schema-graph\">{\"@context\":\"https:\/\/schema.org\",\"@graph\":[{\"@type\":\"WebSite\",\"@id\":\"https:\/\/allspicesfood.com\/#website\",\"url\":\"https:\/\/allspicesfood.com\/\",\"name\":\"ALLSPICES FOOD\",\"description\":\"Spices Food website\",\"potentialAction\":[{\"@type\":\"SearchAction\",\"target\":\"https:\/\/allspicesfood.com\/?s={search_term_string}\",\"query-input\":\"required name=search_term_string\"}],\"inLanguage\":\"fr-FR\"},{\"@type\":\"WebPage\",\"@id\":\"https:\/\/allspicesfood.com\/product\/chin-chin-croquettes\/#webpage\",\"url\":\"https:\/\/allspicesfood.com\/product\/chin-chin-croquettes\/\",\"name\":\"Chin-Chin\/Croquettes - ALLSPICES FOOD\",\"isPartOf\":{\"@id\":\"https:\/\/allspicesfood.com\/#website\"},\"datePublished\":\"2025-09-18T04:19:27+00:00\",\"dateModified\":\"2025-10-27T12:19:39+00:00\",\"breadcrumb\":{\"@id\":\"https:\/\/allspicesfood.com\/product\/chin-chin-croquettes\/#breadcrumb\"},\"inLanguage\":\"fr-FR\",\"potentialAction\":[{\"@type\":\"ReadAction\",\"target\":[\"https:\/\/allspicesfood.com\/product\/chin-chin-croquettes\/\"]}]},{\"@type\":\"BreadcrumbList\",\"@id\":\"https:\/\/allspicesfood.com\/product\/chin-chin-croquettes\/#breadcrumb\",\"itemListElement\":[{\"@type\":\"ListItem\",\"position\":1,\"item\":{\"@type\":\"WebPage\",\"@id\":\"https:\/\/allspicesfood.com\/\",\"url\":\"https:\/\/allspicesfood.com\/\",\"name\":\"Home\"}},{\"@type\":\"ListItem\",\"position\":2,\"item\":{\"@type\":\"WebPage\",\"@id\":\"https:\/\/allspicesfood.com\/boutique\/\",\"url\":\"https:\/\/allspicesfood.com\/boutique\/\",\"name\":\"Boutique\"}},{\"@type\":\"ListItem\",\"position\":3,\"item\":{\"@type\":\"WebPage\",\"@id\":\"https:\/\/allspicesfood.com\/product\/chin-chin-croquettes\/\",\"url\":\"https:\/\/allspicesfood.com\/product\/chin-chin-croquettes\/\",\"name\":\"Chin-Chin\/Croquettes\"}}]}]}<\/script>\n<!-- \/ Yoast SEO plugin. -->","_links":{"self":[{"href":"https:\/\/allspicesfood.com\/fr\/wp-json\/wp\/v2\/product\/3209"}],"collection":[{"href":"https:\/\/allspicesfood.com\/fr\/wp-json\/wp\/v2\/product"}],"about":[{"href":"https:\/\/allspicesfood.com\/fr\/wp-json\/wp\/v2\/types\/product"}],"version-history":[{"count":1,"href":"https:\/\/allspicesfood.com\/fr\/wp-json\/wp\/v2\/product\/3209\/revisions"}],"predecessor-version":[{"id":3210,"href":"https:\/\/allspicesfood.com\/fr\/wp-json\/wp\/v2\/product\/3209\/revisions\/3210"}],"wp:attachment":[{"href":"https:\/\/allspicesfood.com\/fr\/wp-json\/wp\/v2\/media?parent=3209"}],"wp:term":[{"taxonomy":"product_cat","embeddable":true,"href":"https:\/\/allspicesfood.com\/fr\/wp-json\/wp\/v2\/product_cat?post=3209"},{"taxonomy":"product_tag","embeddable":true,"href":"https:\/\/allspicesfood.com\/fr\/wp-json\/wp\/v2\/product_tag?post=3209"}],"curies":[{"name":"wp","href":"https:\/\/api.w.org\/{rel}","templated":true}]}}